{"id":50,"date":"2022-01-06T11:25:53","date_gmt":"2022-01-06T11:25:53","guid":{"rendered":"https:\/\/www.stefannorbruis.nl\/?page_id=50"},"modified":"2026-01-16T14:29:45","modified_gmt":"2026-01-16T14:29:45","slug":"publications","status":"publish","type":"page","link":"https:\/\/www.stefannorbruis.nl\/?page_id=50","title":{"rendered":"Publications"},"content":{"rendered":"\n<h2 style=\"font-size:30px\">Dissertation<\/h2>\n\n\n\n<p class=\"has-regular-font-size\"><strong>2021<\/strong>, <em>Indo-European Origins of Anatolian Morphology and Semantics: Innovations and Archaisms in Hittite, Luwian and Lycian<\/em>, Amsterdam: LOT. [<a href=\"https:\/\/www.lotpublications.nl\/Documents\/588_fulltext.pdf\" target=\"_blank\" rel=\"noreferrer noopener\">pdf<\/a>]<\/p>\n\n\n\n<div class=\"wp-block-image m0\"><figure class=\"aligncenter size-large is-resized\"><a href=\"https:\/\/www.lotpublications.nl\/indo-european-origins-of-anatolian-morphology-and-semantics-innovations-and-archaisms-in-hittite-luwian-and-lycian\" target=\"_blank\" rel=\"noopener\"><img loading=\"lazy\" src=\"https:\/\/www.stefannorbruis.nl\/wp-content\/uploads\/2022\/01\/Norbruis-Indo-European-Origins-of-Anatolian-Morphology-and-Semantics-677x1024.png\" alt=\"\" class=\"wp-image-143\" width=\"199\" height=\"301\" srcset=\"https:\/\/www.stefannorbruis.nl\/wp-content\/uploads\/2022\/01\/Norbruis-Indo-European-Origins-of-Anatolian-Morphology-and-Semantics-677x1024.png 677w, https:\/\/www.stefannorbruis.nl\/wp-content\/uploads\/2022\/01\/Norbruis-Indo-European-Origins-of-Anatolian-Morphology-and-Semantics-198x300.png 198w, https:\/\/www.stefannorbruis.nl\/wp-content\/uploads\/2022\/01\/Norbruis-Indo-European-Origins-of-Anatolian-Morphology-and-Semantics-768x1161.png 768w, https:\/\/www.stefannorbruis.nl\/wp-content\/uploads\/2022\/01\/Norbruis-Indo-European-Origins-of-Anatolian-Morphology-and-Semantics.png 771w\" sizes=\"(max-width: 199px) 100vw, 199px\" \/><\/a><\/figure><\/div>\n\n\n\n<div style=\"height:10px\" aria-hidden=\"true\" class=\"wp-block-spacer\"><\/div>\n\n\n\n<h2 style=\"font-size:30px\">Articles<\/h2>\n\n\n\n<p class=\"has-regular-font-size\"><strong>ms.<\/strong>, \u2018Anatolian, Tocharian and PIE \u2018one\u2019\u2019.<\/p>\n\n\n\n<p class=\"has-regular-font-size\"><strong>ms., <\/strong>&#8216;\u2018Give\u2019 or \u2018take\u2019: pinpointing the semantics of Proto-Indo-European *<em>deh<sub>3<\/sub>&#8211;<\/em> and the phylogenetic position of Anatolian&#8217;.<\/p>\n\n\n\n<p class=\"has-regular-font-size\"><strong>ms.<\/strong>, &#8216;The meaning and etymology of Greek \u03c3\u03b8\u03ad\u03bd\u03bf\u03c2 and more on the sound law <em>TsT<\/em> &gt; <em>T<sup>h<\/sup>sT<sup>h<\/sup><\/em>&#8216;.<\/p>\n\n\n\n<p class=\"has-regular-font-size\"><strong>fthc.<\/strong>, &#8216;From the Proto-Indo-European perfect to the Hittite <em><em>\u1e2b<\/em>i-<\/em>conjugation: Semantic and formal distributions between the <em>mi-<\/em> and <em><em>\u1e2b<\/em>i-<\/em>conjugations&#8217;, <em>Historische Sprachforschung<\/em>.<\/p>\n\n\n\n<p class=\"has-regular-font-size\"><strong>fthc.<\/strong>, &#8216;On the position of Tocharian in the Indo-European language family&#8217;, <em>Transactions of the Philological Society<\/em>.<\/p>\n\n\n\n<p class=\"has-regular-font-size\"><strong>2024<\/strong>, with David Sasseville, &#8216;The distribution of the Luwian dative-locative endings <em>-a<\/em> and <em>-i<\/em>&#8216;, <em>M\u00fcnchener Studien zur Sprachwissenschaft<\/em> 76, 63-90. [<a rel=\"noreferrer noopener\" href=\"https:\/\/www.academia.edu\/127362947\/The_distribution_of_the_Luwian_dative_locative_endings_a_and_i\" target=\"_blank\">pdf<\/a>]<\/p>\n\n\n\n<p class=\"has-regular-font-size\"><strong>2023<\/strong>, &#8216;On the -\u03b8- in Greek \u03bf\u1f36\u03c3\u03b8\u03b1 &#8216;you know&#8217; &lt; *<em>uoid-th<sub>2<\/sub>e<\/em>\u2019, <em>Glotta<\/em> 99, 227-239. [<a href=\"https:\/\/www.academia.edu\/127358944\/On_the_%CE%B8_in_Greek_%CE%BF%E1%BC%B6%CF%83%CE%B8%CE%B1_you_know_uoid_th2e\" target=\"_blank\" rel=\"noreferrer noopener\">pdf<\/a>]<\/p>\n\n\n\n<p class=\"has-regular-font-size\"><strong>2022<\/strong>, &#8216;The Luwic inflection of proper names, the Hittite dative-locative of <em>i-<\/em> and <em>ii\u032fa-<\/em>stems, and the Proto-Anatolian allative&#8217;, <em>Indogermanische Forschungen<\/em> 127, 21-60. [<a href=\"https:\/\/www.academia.edu\/87861898\/The_Luwic_inflection_of_proper_names_the_Hittite_dative_locative_of_i_and_ii_a_stems_and_the_Proto_Anatolian_allative\">pdf<\/a>]<\/p>\n\n\n\n<p class=\"has-regular-font-size\"><strong>2021<\/strong>, &#8216;The Distribution of <em>-a-<\/em> and <em>-e-<\/em> in the Lycian Genitival Adjective Suffix&#8217;, <em>Hungarian Assyriological Review<\/em> 2, 77-94. [<a href=\"https:\/\/www.academia.edu\/74778682\/The_Distribution_of_a_and_e_in_the_Lycian_Genitival_Adjective_Suffix\">pdf<\/a>]<\/p>\n\n\n\n<p class=\"has-regular-font-size\"><strong>2020<\/strong>, &#8216;Tocharian B <em>l\u0259ka-<\/em> ~ <em>p\u0259lka-<\/em>, A <em>l\u00e4k\u0101- <\/em>~ <em>p\u00e4lk\u0101- <\/em>\u2018to see, look\u2019\u2019, <em>Tocharian and Indo-European Studies<\/em> 20, 141-161. [<a rel=\"noreferrer noopener\" href=\"https:\/\/www.academia.edu\/80606625\/Tocharian_B_l%C9%99ka_p%C9%99lka_A_l%C3%A4k%C4%81_p%C3%A4lk%C4%81_to_see_look\" target=\"_blank\">pdf<\/a>]<\/p>\n\n\n\n<p class=\"has-regular-font-size\"><strong>2018<\/strong>, &#8216;The origin and spread of the &#8216;<em>i-<\/em>mutation&#8217; paradigm and the prehistory of the Luwic nominal stem classes&#8217;, <em>Historische Sprachforschung<\/em> 131, 11-45. [<a href=\"https:\/\/www.jstor.org\/stable\/27032357\" target=\"_blank\" rel=\"noreferrer noopener\">link<\/a>]<\/p>\n\n\n\n<div style=\"height:10px\" aria-hidden=\"true\" class=\"wp-block-spacer\"><\/div>\n\n\n\n<h2 style=\"font-size:30px\">Reviews<\/h2>\n\n\n\n<p class=\"has-regular-font-size\"><strong>2019<\/strong>, &#8216;Michiel de Vaan, <em>The Dawn of Dutch: Language contact in the Western Low Countries before 1200<\/em>. Amsterdam \/ Philadelphia (2017), John Benjamins Publishing Company, 613 pp. (als e-book te downloaden: https:\/\/doi.org\/10.1075\/nss.30)&#8217;, <em>Us Wurk<\/em> 68, 70-74. [<a rel=\"noreferrer noopener\" href=\"https:\/\/www.academia.edu\/40028869\/Michiel_de_Vaan_The_Dawn_of_Dutch_Language_contact_in_the_Western_Low_Countries_before_1200\" target=\"_blank\">pdf<\/a>]<\/p>\n\n\n\n<p class=\"has-regular-font-size\"><strong>2017<\/strong>, &#8216;TISCHLER, J. (mit Beitr\u00e4gen von G. NEUMANN und E. NEU) \u2014 <em>Hethitisches Etymologisches<\/em> <em>Glossar<\/em>. Teil IV, Lieferung 16, W-Z (Innsbrucker Beitr\u00e4ge zur Sprachwissenschaft, 20). Institut f\u00fcr Sprachen und Literaturen der Universit\u00e4t, Innsbruck, 2016. (23 cm, 189-814). ISBN 978-3-85124-736-7. \u20ac 96,-.&#8217;, <em>Bibliotheca Orientalis <\/em>74, 380-383. [<a href=\"https:\/\/www.academia.edu\/43466036\/Review_of_Tischler_J_2016_Hethitisches_Etymologisches_Glossar_Teil_IV_Lieferung_16_W_Z\" target=\"_blank\" rel=\"noreferrer noopener\">pdf<\/a>]<\/p>\n","protected":false},"excerpt":{"rendered":"<p>Dissertation 2021, Indo-European Origins of Anatolian Morphology and Semantics: Innovations and Archaisms in Hittite, Luwian and Lycian, Amsterdam: LOT. [pdf] Articles ms., \u2018Anatolian, Tocharian and PIE \u2018one\u2019\u2019. ms., &#8216;\u2018Give\u2019 or \u2018take\u2019: pinpointing the semantics of Proto-Indo-European *deh3&#8211; and the phylogenetic position of Anatolian&#8217;. ms., &#8216;The meaning and etymology of Greek \u03c3\u03b8\u03ad\u03bd\u03bf\u03c2 and more on the [&hellip;]<\/p>\n","protected":false},"author":1,"featured_media":0,"parent":0,"menu_order":0,"comment_status":"closed","ping_status":"closed","template":"","meta":[],"_links":{"self":[{"href":"https:\/\/www.stefannorbruis.nl\/index.php?rest_route=\/wp\/v2\/pages\/50"}],"collection":[{"href":"https:\/\/www.stefannorbruis.nl\/index.php?rest_route=\/wp\/v2\/pages"}],"about":[{"href":"https:\/\/www.stefannorbruis.nl\/index.php?rest_route=\/wp\/v2\/types\/page"}],"author":[{"embeddable":true,"href":"https:\/\/www.stefannorbruis.nl\/index.php?rest_route=\/wp\/v2\/users\/1"}],"replies":[{"embeddable":true,"href":"https:\/\/www.stefannorbruis.nl\/index.php?rest_route=%2Fwp%2Fv2%2Fcomments&post=50"}],"version-history":[{"count":41,"href":"https:\/\/www.stefannorbruis.nl\/index.php?rest_route=\/wp\/v2\/pages\/50\/revisions"}],"predecessor-version":[{"id":341,"href":"https:\/\/www.stefannorbruis.nl\/index.php?rest_route=\/wp\/v2\/pages\/50\/revisions\/341"}],"wp:attachment":[{"href":"https:\/\/www.stefannorbruis.nl\/index.php?rest_route=%2Fwp%2Fv2%2Fmedia&parent=50"}],"curies":[{"name":"wp","href":"https:\/\/api.w.org\/{rel}","templated":true}]}}