{"id":108,"date":"2022-01-10T16:58:01","date_gmt":"2022-01-10T16:58:01","guid":{"rendered":"https:\/\/www.stefannorbruis.nl\/?page_id=108"},"modified":"2026-01-13T14:44:37","modified_gmt":"2026-01-13T14:44:37","slug":"cv","status":"publish","type":"page","link":"https:\/\/www.stefannorbruis.nl\/?page_id=108","title":{"rendered":"CV"},"content":{"rendered":"\n<h2 style=\"font-size:30px\">Employments<\/h2>\n\n\n\n<h3>Research<\/h3>\n\n\n\n<p class=\"has-regular-font-size\"><strong>2026-2028<\/strong>, post-doctoral researcher, project <em><a href=\"https:\/\/www.universiteitleiden.nl\/en\/research\/research-projects\/humanities\/from-aleph-to-alpha\" target=\"_blank\" rel=\"noreferrer noopener\">From Aleph to Alpha. The spread and development of alphabetic writing across the Mediterranean<\/a><\/em>, Leiden Institute for Area Studies, Leiden University<\/p>\n\n\n\n<p class=\"has-regular-font-size\"><strong>2020-2024<\/strong>, post-doctoral researcher, project <a rel=\"noreferrer noopener\" href=\"https:\/\/www.universiteitleiden.nl\/en\/research\/research-projects\/humanities\/the-tocharian-trek#tab-2\" target=\"_blank\"><em>The Tocharian Trek: A linguistic reconstruction of the migration of the Tocharians from Europe to China<\/em><\/a>, Leiden University Centre for Linguistics, Leiden University<\/p>\n\n\n\n<p class=\"has-regular-font-size\"><strong>2015-2020<\/strong>, PhD student, project <em><em><a rel=\"noreferrer noopener\" href=\"https:\/\/www.nwo.nl\/projecten\/276-70-026-0\" target=\"_blank\">Splitting the Mother Tongue: The Position of Anatolian in the Dispersal of the Indo-European Language Family<\/a><\/em><\/em>, Leiden University Centre for Linguistics, Leiden University<\/p>\n\n\n\n<div style=\"height:2px\" aria-hidden=\"true\" class=\"wp-block-spacer\"><\/div>\n\n\n\n<h3>Teaching<\/h3>\n\n\n\n<p class=\"has-regular-font-size\"><strong>2024-2026<\/strong>, lecturer in Comparative Indo-European Linguistics, Leiden University Centre for Linguistics, Leiden University<\/p>\n\n\n\n<div style=\"height:2px\" aria-hidden=\"true\" class=\"wp-block-spacer\"><\/div>\n\n\n\n<h3>Lexicography<\/h3>\n\n\n\n<p class=\"has-regular-font-size\"><strong>2016-2018<\/strong>, <strong>2023-2024<\/strong>, editor and lemma writer of Sluiter, Van Beek, Kessels, Rijksbaron (eds.), <em>Grieks-Nederlands Woordenboek<\/em>, Leiden University<\/p>\n\n\n\n<p class=\"has-regular-font-size\"><strong>2024<\/strong>, editor of the Greek part of Lubotsky (ed.), <em>Indo-European Etymological Dictionary<\/em>, Leiden University<\/p>\n\n\n\n<p class=\"has-regular-font-size\"><strong>2021<\/strong>, editor and lemma writer of the Tocharian part of Lubotsky (ed.), <em>Indo-European Etymological Dictionary<\/em>, Leiden University<\/p>\n\n\n\n<p class=\"has-regular-font-size\"><strong>2014-2015<\/strong>, editor of M\u00f6ller, <em>W\u00f6rterbuch des saterfriesischen<\/em>, Meertens Instituut, Amsterdam<\/p>\n\n\n\n<p class=\"has-regular-font-size\"><strong>2014<\/strong>, editor of Beekes, <em>Pre-Greek: Phonology, Morphology, Lexicon<\/em>, Leiden University<\/p>\n\n\n\n<p class=\"has-regular-font-size\"><strong>2011-2014<\/strong>, student assistant\/researcher for Beekes, <em>Etymological Dictionary of Greek<\/em>, Leiden University<\/p>\n\n\n\n<div style=\"height:2px\" aria-hidden=\"true\" class=\"wp-block-spacer\"><\/div>\n\n\n\n<h3>Internships<\/h3>\n\n\n\n<p class=\"has-regular-font-size\"><strong>2014-2015<\/strong>, intern working on the <em>elektronische Woordenbank van de Nederlandse Dialecten <\/em>(<em>eWND<\/em>), supervisor Nicoline van der Sijs, Meertens Instituut, Amsterdam<\/p>\n\n\n\n<p class=\"has-regular-font-size\"><strong>2007<\/strong>, classics teacher, Eerste Christelijk Lyceum, Haarlem<\/p>\n\n\n\n<div style=\"height:15px\" aria-hidden=\"true\" class=\"wp-block-spacer\"><\/div>\n\n\n\n<h2 style=\"font-size:30px\">Lectures<\/h2>\n\n\n\n<p class=\"has-regular-font-size\"><strong>2024<\/strong>, <em>Building and breaking the Indo-European family tree: Phylogenetic evidence from the Anatolian and Tocharian branches<\/em>, keynote at T.W.I.S.T. conference &#8216;Branching Out&#8217;, Leiden<\/p>\n\n\n\n<p class=\"has-regular-font-size\"><strong>2022<\/strong>, <em>The position of Tocharian in the Indo-European language family<\/em>, The Secondary Homelands of the Indo-European Languages, Leiden<\/p>\n\n\n\n<p class=\"has-regular-font-size\"><strong>2021<\/strong>, <em>Evidence for the augment in Anatolian<\/em>, Comparative Indo-European Linguistics Seminar, Leiden<\/p>\n\n\n\n<p class=\"has-regular-font-size\"><strong>2020<\/strong>, <em>Tocharian B <\/em>l\u0259ka- ~ p\u0259lka-, <em>A <\/em>l\u00e4k\u0101- ~ p\u00e4lk\u0101- <em>\u2018to see, look\u2019<\/em>, Tocharian in Progress, Leiden\/online<\/p>\n\n\n\n<p class=\"has-regular-font-size\"><strong>2019<\/strong>, <em>The etymologies of <\/em>*h<sub>1<\/sub>es- <em>\u2018to be\u2019 and <\/em>*deh<sub>3<\/sub>&#8211; <em>\u2018to give\u2019: New evidence for the Indo-Anatolian hypothesis<\/em>, 100 Jahre Indogermanistik an der Universit\u00e4t Ljubljana \u2013 Ein \u201cLjublj\u00e4um\u201d, Ljubljana<\/p>\n\n\n\n<p class=\"has-regular-font-size\"><strong>2019<\/strong>, <em>Hieroglyphic Luwian dialects<\/em>: <em>morphological innovations of sub-Taurean Luwian<\/em>, the 6<sup>th<\/sup> workshop on Luwic dialects, Barcelona<\/p>\n\n\n\n<p class=\"has-regular-font-size\"><strong>2018<\/strong>, <em>The prehistory of the <\/em>\u1e2bi-<em>conjugation<\/em>, workshop Aspect and Alignment in Indo-European and PIE, Ghent<\/p>\n\n\n\n<p class=\"has-regular-font-size\"><strong>2018<\/strong>, <em>The Hittite dat.-loc. of <\/em>i-<em> and <\/em>ii\u032fa-<em>stems<\/em>, <em>the Luwic paradigm of personal names<\/em>, <em>and the Proto-Anatolian allative<\/em>, 4. Indogermanisches Forschungskolloquium, Z\u00fcrich<\/p>\n\n\n\n<p class=\"has-regular-font-size\"><strong>2018<\/strong>, <em>The Luwic paradigm of proper names, with a focus on the origin of the dative and its Proto-Anatolian implications<\/em>, the 5<sup>th<\/sup> workshop on the Luwic dialects, Santiago de Compostela<\/p>\n\n\n\n<p class=\"has-regular-font-size\"><strong>2017<\/strong>, <em>Luwic \u2018<\/em>i-<em>mutation<\/em>\u2019: <em>a collapsing nominal system<\/em>, mini-symposium \u2018Anatolian and Indo-European linguistics\u2019 on the occasion of A. Shatskov&#8217;s PhD defense, Leiden<\/p>\n\n\n\n<p class=\"has-regular-font-size\"><strong>2017<\/strong>, <em>On the origin of <\/em>i-<em>mutation<\/em>: <em>The development of the Luwic nominal stem classes<\/em>, International Congress of Hittitology, Chicago<\/p>\n\n\n\n<p class=\"has-regular-font-size\"><strong>2017<\/strong>, <em>On the distribution of &#8211;<\/em>a<em>&#8211; and <\/em>-e<em>&#8211; in the Lycian genitival adjective suffix<\/em>, Current Research on Lycian, M\u00fcnchen<\/p>\n\n\n\n<p class=\"has-regular-font-size\"><strong>2015<\/strong>, <em>Een etymologisch woordenboek van het Fries?<\/em>, Dei fan de Fryske taalkunde, Fryske Akademy\/Tresoar, Leeuwarden<\/p>\n\n\n\n<p class=\"has-regular-font-size\"><strong>2013<\/strong>, <em>The Roots of Greek: inherited athematic root formations in Homer and the prehistory of the present\/aorist-opposition<\/em>, colloquium \u2018Greek Linguistics and Indo-European reconstruction\u2019 on the occasion of L. van Beek&#8217;s PhD defense, Leiden<\/p>\n\n\n\n<p class=\"has-regular-font-size\"><strong>2011<\/strong>, <em>Het Praesens Historicum in Tacitus\u2019 verslag van de Bataafse opstand<\/em>, OIKOS research group Textual Cohesion, Katwijk<\/p>\n\n\n\n<p class=\"has-regular-font-size\"><strong>2010<\/strong>, <em>Latin word order: a pragmatic approach<\/em>, VU Graduate Seminar, Amsterdam<\/p>\n\n\n\n<div style=\"height:15px\" aria-hidden=\"true\" class=\"wp-block-spacer\"><\/div>\n\n\n\n<h2 style=\"font-size:30px\">Reviewing\/assessing<\/h2>\n\n\n\n<h3>Reviewer for various edited volumes and journals, the latter including:<\/h3>\n\n\n\n<ul class=\"has-regular-font-size\"><li><em>Indogermanische Forschungen<\/em><\/li><li><em>Tocharian and Indo-European<\/em> <em>Studies<\/em><\/li><li><em>Mnemosyne<\/em><\/li><li><em>Folia Linguistica Historica<\/em><\/li><\/ul>\n\n\n\n<h3>PhD defense committee member<\/h3>\n\n\n\n<ul class=\"has-regular-font-size\"><li>Defense of Federico Dragoni (Leiden University, 2022)<\/li><li>Defense of Chams Bernard (Leiden University, 2023)<\/li><li>Defense of Louise Friis (Leiden University, 2024)<\/li><\/ul>\n\n\n\n<div style=\"height:15px\" aria-hidden=\"true\" class=\"wp-block-spacer\"><\/div>\n\n\n\n<h2 style=\"font-size:30px\">Teaching<\/h2>\n\n\n\n<h3>Leiden University curricular courses<\/h3>\n\n\n\n<p class=\"has-regular-font-size\"><strong>2026<\/strong>, Historical Grammar of Greek (MA\/BA)<br><strong>2025<\/strong>, Advanced Topics in Indo-European Linguistics: verb (MA)<br><strong>2025<\/strong>, Language and Culture of the Indo-Europeans (BA)<br><strong>2025<\/strong>, Historical Linguistics (BA)<br><strong>2024<\/strong>, Indo-European Phonology (MA\/BA)<br><strong>2022<\/strong>, <strong>2023<\/strong>, Research Methods (ReMA)<br><strong>2020<\/strong>, <strong>2024<\/strong>, Indo-European Nominal Morphology (MA\/BA)<br><strong>2017<\/strong>, Hittite (MA\/BA)<br><strong>2017<\/strong>, Anatolian Historical Grammar (MA\/BA)<br><strong>2016<\/strong>, Minor languages of Anatolia (MA)<br><strong>2015, 2016<\/strong>, Greek Historical Phonology (MA\/BA)<\/p>\n\n\n\n<div style=\"height:5px\" aria-hidden=\"true\" class=\"wp-block-spacer\"><\/div>\n\n\n\n<h3>Summer schools<\/h3>\n\n\n\n<p class=\"has-regular-font-size\"><strong>2026<\/strong>, Hieroglyphic Luwian, Leiden Summer School in Languages and Linguistics, Leiden University<br><strong>2026<\/strong>, Historical Linguistics, Leiden Summer School in Languages and Linguistics, Leiden University <br><strong>2013<\/strong>, Advanced Greek Syntax, Amsterdam Classics summer school, University of Amsterdam<\/p>\n\n\n\n<div style=\"height:2px\" aria-hidden=\"true\" class=\"wp-block-spacer\"><\/div>\n\n\n\n<h3>For high school students<\/h3>\n\n\n\n<p class=\"has-regular-font-size\"><strong>2006-pres.<\/strong>, Greek and Latin (as a tutor)<br><strong>2017-2018<\/strong>, Introduction to Indo-European linguistics (as a &#8216;PRE-Class&#8217; teacher)<br><strong>2016<\/strong>, Introduction to linguistics and deciphering scripts (as a guest lecturer)<br><strong>2007<\/strong>, Greek and Latin (as an intern)<\/p>\n\n\n\n<div style=\"height:2px\" aria-hidden=\"true\" class=\"wp-block-spacer\"><\/div>\n\n\n\n<h3>One-to-one<\/h3>\n\n\n\n<p class=\"has-regular-font-size\"><strong>2006-pres.<\/strong>, Greek and Latin (high school tutoring)<br><strong>2018<\/strong>, Dutch (beginner&#8217;s level)<br><strong>2016<\/strong>, Italian (advanced grammar)<\/p>\n\n\n\n<div style=\"height:15px\" aria-hidden=\"true\" class=\"wp-block-spacer\"><\/div>\n\n\n\n<h2 style=\"font-size:30px\">Education \/ Degrees<\/h2>\n\n\n\n<p class=\"has-regular-font-size\"><strong>2021<\/strong>, PhD (<em>cum laude<\/em>), Comparative Indo-European Linguistics, Leiden University (dissertation: <em>Indo-European Origins of Anatolian Morphology and Semantics: Innovations and Archaisms in Hittite, Luwian and Lycian<\/em>)<\/p>\n\n\n\n<p class=\"has-regular-font-size\"><strong>2015<\/strong>, MA (<em>summa cum laude<\/em>), Comparative Indo-European Linguistics, Leiden University (thesis: <em>Etymological Dictionary of West Frisian Farming Vocabulary<\/em>)<\/p>\n\n\n\n<p class=\"has-regular-font-size\"><strong>2014<\/strong>, MA (<em>cum laude<\/em>), Classics and Ancient Civilizations, VU University Amsterdam (thesis: <em>The Roots of Greek: Inherited Athematic Root Formations in Homer and the Prehistory of the Greek Present\/Aorist-Opposition<\/em>)<\/p>\n\n\n\n<p class=\"has-regular-font-size\"><strong>2008<\/strong>, BA, Classics, VU University Amsterdam (thesis: <em>The Mediae Aspiratae in Italic<\/em>)<\/p>\n\n\n\n<p class=\"has-regular-font-size\"><strong>2004<\/strong>, Gymnasium (high school), Etty Hillesum Lyceum, Deventer (final exams: Dutch, English, French, Greek, Latin, history, music; &#8216;profielwerkstuk&#8217;: <em>The Relationship between Dutch, Latin and Greek<\/em>)<\/p>\n\n\n\n<div style=\"height:45px\" aria-hidden=\"true\" class=\"wp-block-spacer\"><\/div>\n\n\n\n<div class=\"wp-block-image is-style-rounded\"><figure class=\"aligncenter size-medium is-resized\"><img loading=\"lazy\" src=\"https:\/\/www.stefannorbruis.nl\/wp-content\/uploads\/2022\/01\/Caland-300x185.png\" alt=\"\" class=\"wp-image-172\" width=\"442\" height=\"273\" srcset=\"https:\/\/www.stefannorbruis.nl\/wp-content\/uploads\/2022\/01\/Caland-300x185.png 300w, https:\/\/www.stefannorbruis.nl\/wp-content\/uploads\/2022\/01\/Caland.png 572w\" sizes=\"(max-width: 442px) 100vw, 442px\" \/><\/figure><\/div>\n","protected":false},"excerpt":{"rendered":"<p>Employments Research 2026-2028, post-doctoral researcher, project From Aleph to Alpha. The spread and development of alphabetic writing across the Mediterranean, Leiden Institute for Area Studies, Leiden University 2020-2024, post-doctoral researcher, project The Tocharian Trek: A linguistic reconstruction of the migration of the Tocharians from Europe to China, Leiden University Centre for Linguistics, Leiden University 2015-2020, [&hellip;]<\/p>\n","protected":false},"author":1,"featured_media":0,"parent":0,"menu_order":0,"comment_status":"closed","ping_status":"closed","template":"","meta":[],"_links":{"self":[{"href":"https:\/\/www.stefannorbruis.nl\/index.php?rest_route=\/wp\/v2\/pages\/108"}],"collection":[{"href":"https:\/\/www.stefannorbruis.nl\/index.php?rest_route=\/wp\/v2\/pages"}],"about":[{"href":"https:\/\/www.stefannorbruis.nl\/index.php?rest_route=\/wp\/v2\/types\/page"}],"author":[{"embeddable":true,"href":"https:\/\/www.stefannorbruis.nl\/index.php?rest_route=\/wp\/v2\/users\/1"}],"replies":[{"embeddable":true,"href":"https:\/\/www.stefannorbruis.nl\/index.php?rest_route=%2Fwp%2Fv2%2Fcomments&post=108"}],"version-history":[{"count":71,"href":"https:\/\/www.stefannorbruis.nl\/index.php?rest_route=\/wp\/v2\/pages\/108\/revisions"}],"predecessor-version":[{"id":340,"href":"https:\/\/www.stefannorbruis.nl\/index.php?rest_route=\/wp\/v2\/pages\/108\/revisions\/340"}],"wp:attachment":[{"href":"https:\/\/www.stefannorbruis.nl\/index.php?rest_route=%2Fwp%2Fv2%2Fmedia&parent=108"}],"curies":[{"name":"wp","href":"https:\/\/api.w.org\/{rel}","templated":true}]}}